{"id":425,"date":"2019-10-21T12:20:46","date_gmt":"2019-10-21T12:20:46","guid":{"rendered":"http:\/\/veeratamminen.art\/?page_id=425"},"modified":"2024-04-08T16:05:34","modified_gmt":"2024-04-08T16:05:34","slug":"taiteilijasta","status":"publish","type":"page","link":"https:\/\/veeratamminen.art\/sv\/om-konstnaren\/","title":{"rendered":"Om konstn\u00e4ren"},"content":{"rendered":"<div class=\"wp-block-uagb-advanced-heading uagb-block-7ebad23d\"><h2 class=\"uagb-heading-text\">Om konstn\u00e4ren<\/h2><div class=\"uagb-separator\"><\/div><\/div>\n\n\n\n<div class=\"wp-block-media-text alignwide has-media-on-the-right is-stacked-on-mobile\"><div class=\"wp-block-media-text__content\">\n<hr class=\"wp-block-separator aligncenter has-alpha-channel-opacity is-style-default uag-hide-desktop\" style=\"margin-top:var(--wp--preset--spacing--60);margin-bottom:var(--wp--preset--spacing--60)\"\/>\n\n\n\n<h2 class=\"wp-block-heading\">Veera Tamminen<\/h2>\n\n\n\n<ul>\n<li>Grundades 1994 i Nahkela, Tuusula<\/li>\n\n\n\n<li>\u00c5bo konsth\u00f6gskola 2019-2023<\/li>\n\n\n\n<li>Pekka Halonen-akademin<\/li>\n<\/ul>\n\n\n\n<h3 class=\"wp-block-heading\">Utst\u00e4llningar<\/h3>\n\n\n\n<ul>\n<li>Utst\u00e4llningen Nytt 2023 f\u00f6r utexaminerade studenter \u00c5bo konsthall. 10.3 - 23.4.2023<\/li>\n\n\n\n<li>Galleri med linbana 2022<\/li>\n<\/ul>\n\n\n\n<h3 class=\"wp-block-heading\">Medlemskap<\/h3>\n\n\n\n<ul>\n<li>F\u00f6reningen f\u00f6r m\u00e5lare<\/li>\n\n\n\n<li>F\u00f6reningen f\u00f6r illustrat\u00f6rer<\/li>\n\n\n\n<li>Illustrerad katalog<\/li>\n<\/ul>\n<\/div><figure class=\"wp-block-media-text__media\"><img fetchpriority=\"high\" decoding=\"async\" width=\"757\" height=\"1024\" src=\"https:\/\/veeratamminen.art\/wp-content\/uploads\/2023\/01\/omakuva-oljyvarit-mdf-30x40-2019-light-757x1024.webp\" alt=\"\" class=\"wp-image-10295 size-full\" srcset=\"https:\/\/veeratamminen.art\/wp-content\/uploads\/2023\/01\/omakuva-oljyvarit-mdf-30x40-2019-light-757x1024.webp 757w, https:\/\/veeratamminen.art\/wp-content\/uploads\/2023\/01\/omakuva-oljyvarit-mdf-30x40-2019-light-222x300.webp 222w, https:\/\/veeratamminen.art\/wp-content\/uploads\/2023\/01\/omakuva-oljyvarit-mdf-30x40-2019-light-768x1039.webp 768w, https:\/\/veeratamminen.art\/wp-content\/uploads\/2023\/01\/omakuva-oljyvarit-mdf-30x40-2019-light-1135x1536.webp 1135w, https:\/\/veeratamminen.art\/wp-content\/uploads\/2023\/01\/omakuva-oljyvarit-mdf-30x40-2019-light-1513x2048.webp 1513w, https:\/\/veeratamminen.art\/wp-content\/uploads\/2023\/01\/omakuva-oljyvarit-mdf-30x40-2019-light-9x12.webp 9w, https:\/\/veeratamminen.art\/wp-content\/uploads\/2023\/01\/omakuva-oljyvarit-mdf-30x40-2019-light-scaled.webp 1892w\" sizes=\"(max-width: 757px) 100vw, 757px\" \/><\/figure><\/div>","protected":false},"excerpt":{"rendered":"<p>Om konstn\u00e4ren<\/p>","protected":false},"author":1,"featured_media":0,"parent":0,"menu_order":0,"comment_status":"closed","ping_status":"closed","template":"","meta":{"_uag_custom_page_level_css":"","site-sidebar-layout":"default","site-content-layout":"default","ast-site-content-layout":"default","site-content-style":"default","site-sidebar-style":"default","ast-global-header-display":"","ast-banner-title-visibility":"","ast-main-header-display":"","ast-hfb-above-header-display":"","ast-hfb-below-header-display":"","ast-hfb-mobile-header-display":"","site-post-title":"disabled","ast-breadcrumbs-content":"","ast-featured-img":"","footer-sml-layout":"","ast-disable-related-posts":"","theme-transparent-header-meta":"default","adv-header-id-meta":"","stick-header-meta":"","header-above-stick-meta":"","header-main-stick-meta":"","header-below-stick-meta":"","astra-migrate-meta-layouts":"set","ast-page-background-enabled":"default","ast-page-background-meta":{"desktop":{"background-color":"","background-image":"","background-repeat":"repeat","background-position":"center center","background-size":"auto","background-attachment":"scroll","background-type":"","background-media":"","overlay-type":"","overlay-color":"","overlay-opacity":"","overlay-gradient":""},"tablet":{"background-color":"","background-image":"","background-repeat":"repeat","background-position":"center center","background-size":"auto","background-attachment":"scroll","background-type":"","background-media":"","overlay-type":"","overlay-color":"","overlay-opacity":"","overlay-gradient":""},"mobile":{"background-color":"","background-image":"","background-repeat":"repeat","background-position":"center center","background-size":"auto","background-attachment":"scroll","background-type":"","background-media":"","overlay-type":"","overlay-color":"","overlay-opacity":"","overlay-gradient":""}},"ast-content-background-meta":{"desktop":{"background-color":"var(--ast-global-color-5)","background-image":"","background-repeat":"repeat","background-position":"center center","background-size":"auto","background-attachment":"scroll","background-type":"","background-media":"","overlay-type":"","overlay-color":"","overlay-opacity":"","overlay-gradient":""},"tablet":{"background-color":"var(--ast-global-color-5)","background-image":"","background-repeat":"repeat","background-position":"center center","background-size":"auto","background-attachment":"scroll","background-type":"","background-media":"","overlay-type":"","overlay-color":"","overlay-opacity":"","overlay-gradient":""},"mobile":{"background-color":"var(--ast-global-color-5)","background-image":"","background-repeat":"repeat","background-position":"center center","background-size":"auto","background-attachment":"scroll","background-type":"","background-media":"","overlay-type":"","overlay-color":"","overlay-opacity":"","overlay-gradient":""}},"_vp_format_video_url":"","_vp_image_focal_point":[],"footnotes":"[]"},"aioseo_notices":[],"uagb_featured_image_src":{"full":false,"thumbnail":false,"medium":false,"medium_large":false,"large":false,"1536x1536":false,"2048x2048":false,"trp-custom-language-flag":false,"pl-blogpost-landscape":false,"pl-blogpost-square":false,"vp_sm":false,"vp_md":false,"vp_lg":false,"vp_xl":false,"vp_sm_popup":false,"vp_md_popup":false,"vp_xl_popup":false},"uagb_author_info":{"display_name":"Jussi","author_link":"https:\/\/veeratamminen.art\/sv\/author\/admin\/"},"uagb_comment_info":0,"uagb_excerpt":"Taiteilijasta","_links":{"self":[{"href":"https:\/\/veeratamminen.art\/sv\/wp-json\/wp\/v2\/pages\/425"}],"collection":[{"href":"https:\/\/veeratamminen.art\/sv\/wp-json\/wp\/v2\/pages"}],"about":[{"href":"https:\/\/veeratamminen.art\/sv\/wp-json\/wp\/v2\/types\/page"}],"author":[{"embeddable":true,"href":"https:\/\/veeratamminen.art\/sv\/wp-json\/wp\/v2\/users\/1"}],"replies":[{"embeddable":true,"href":"https:\/\/veeratamminen.art\/sv\/wp-json\/wp\/v2\/comments?post=425"}],"version-history":[{"count":2,"href":"https:\/\/veeratamminen.art\/sv\/wp-json\/wp\/v2\/pages\/425\/revisions"}],"predecessor-version":[{"id":10984,"href":"https:\/\/veeratamminen.art\/sv\/wp-json\/wp\/v2\/pages\/425\/revisions\/10984"}],"wp:attachment":[{"href":"https:\/\/veeratamminen.art\/sv\/wp-json\/wp\/v2\/media?parent=425"}],"curies":[{"name":"wp","href":"https:\/\/api.w.org\/{rel}","templated":true}]}}